{"id":166,"date":"2023-01-27T12:23:22","date_gmt":"2023-01-27T12:23:22","guid":{"rendered":"http:\/\/cngi.iasi.rdsnet.ro\/?page_id=166"},"modified":"2024-09-25T08:32:18","modified_gmt":"2024-09-25T06:32:18","slug":"home","status":"publish","type":"page","link":"https:\/\/cngi.ro\/","title":{"rendered":"Viziunea \u0219i Misiunea"},"content":{"rendered":"\n<div class=\"wp-block-columns is-layout-flex wp-container-core-columns-is-layout-9d6595d7 wp-block-columns-is-layout-flex\">\n<div class=\"wp-block-column is-layout-flow wp-block-column-is-layout-flow\" style=\"flex-basis:33.33%\">\n<figure class=\"wp-block-image size-full is-resized coblocks-animate\" data-coblocks-animation=\"fadeIn\"><img loading=\"lazy\" decoding=\"async\" width=\"446\" height=\"392\" src=\"https:\/\/cngi.ro\/wp-content\/uploads\/2023\/01\/GI-1.png\" alt=\"\" class=\"wp-image-175\" style=\"width:238px;height:209px\" srcset=\"https:\/\/cngi.ro\/wp-content\/uploads\/2023\/01\/GI-1.png 446w, https:\/\/cngi.ro\/wp-content\/uploads\/2023\/01\/GI-1-300x264.png 300w\" sizes=\"auto, (max-width: 446px) 100vw, 446px\" \/><\/figure>\n<\/div>\n\n\n\n<div class=\"wp-block-column is-vertically-aligned-center coblocks-animate is-layout-flow wp-block-column-is-layout-flow\" style=\"flex-basis:66.66%\" data-coblocks-animation=\"fadeIn\">\n<h3 class=\"wp-block-heading alignfull has-text-align-left coblocks-animate\" data-coblocks-animation=\"fadeIn\"><em><strong>Educa\u0163ia primit\u0103 \u00een \u015fcoala noastr\u0103 \u00ee\u0163i va oferi posibilitatea de a te integra \u00een mod inteligent \u00eentr-o lume \u00een continu\u0103 prefacere!<\/strong><\/em><\/h3>\n<\/div>\n<\/div>\n\n\n\n<p class=\"coblocks-animate\" data-coblocks-animation=\"slideInLeft\"><em><strong>C<\/strong><strong>olegiul Na\u021bional \u201eGarabet&nbsp;Ibr\u0103ileanu\u201d &#8211; Ia\u0219i<\/strong>, Rom\u00e2nia&nbsp;promoveaz\u0103 identificarea \u0219i dezvoltarea calit\u0103\u021bilor \u0219i aptitudinilor fiec\u0103rui elev \u00een vederea educ\u0103rii \u00een spiritul muncii, cinstei \u0219i onestit\u0103\u021bii, construindu-le personalitatea prin dob\u00e2ndirea cuno\u0219tin\u021belor de&nbsp;cultur\u0103 general\u0103, formarea de abilit\u0103\u021bi practice \u00een vederea \u00eensu\u0219irii valorilor fundamentale ale culturii na\u021bionale \u0219i interna\u021bionale.<\/em><\/p>\n\n\n\n<p class=\"coblocks-animate\" data-coblocks-animation=\"slideInRight\"><em>Un interes deosebit se acord\u0103 preg\u0103tirii elevilor pentru \u00een\u021belegerea \u0219i aplicarea principiilor democra\u021biei, dezvolt\u0103rii capacit\u0103\u021bii de comunicare \u0219i rela\u021bionare, aprecierii valorilor culturale \u0219i artistice din patrimoniul universal.<\/em><\/p>\n\n\n\n<p class=\"coblocks-animate\" data-coblocks-animation=\"slideInLeft\"><em><span data-mce-mark=\"1\">Stilul did<\/span><span data-mce-mark=\"1\">actic al dasc\u0103lilor no\u0219tri este direc\u021bionat spre latura formativ\u0103 \u0219i informativ\u0103, dezvolt\u00e2nd personalit\u0103\u021bi deschise c\u0103tre o societate \u00een schimbare, capabile s\u0103 formuleze op\u021biuni \u0219colare \u0219i profesionale realiste, conforme cu nevoile sociale \u0219i&nbsp;<\/span><span data-mce-mark=\"1\">propriile interese \u0219i aptitudini.<\/span><\/em><\/p>\n\n\n\n<p class=\"coblocks-animate\" data-coblocks-animation=\"slideInRight\"><em><span data-mce-mark=\"1\">\u0218coala noastr\u0103 urm\u0103re\u0219te crearea unui cadru propice pentru formarea \u0219i dezvoltarea deprinderilor necesare continu\u0103rii studiilor \u00een forme superioare de \u00eenv\u0103\u021b\u0103<\/span><span data-mce-mark=\"1\">m\u00e2nt.&nbsp;<\/span><\/em><\/p>\n\n\n\n\n\n\n<p><\/p>\n","protected":false},"excerpt":{"rendered":"<p>Educa\u0163ia primit\u0103 \u00een \u015fcoala noastr\u0103 \u00ee\u0163i va oferi posibilitatea de a te integra \u00een mod inteligent \u00eentr-o lume \u00een continu\u0103 prefacere! Colegiul Na\u021bional \u201eGarabet&nbsp;Ibr\u0103ileanu\u201d &#8211; Ia\u0219i, Rom\u00e2nia&nbsp;promoveaz\u0103 identificarea \u0219i dezvoltarea calit\u0103\u021bilor \u0219i aptitudinilor fiec\u0103rui elev \u00een vederea educ\u0103rii \u00een spiritul muncii, cinstei \u0219i onestit\u0103\u021bii, construindu-le personalitatea prin dob\u00e2ndirea cuno\u0219tin\u021belor de&nbsp;cultur\u0103 general\u0103, formarea de abilit\u0103\u021bi practice&#8230;<\/p>\n","protected":false},"author":1,"featured_media":0,"parent":0,"menu_order":0,"comment_status":"closed","ping_status":"closed","template":"","meta":{"_coblocks_attr":"","_coblocks_dimensions":"","_coblocks_responsive_height":"","_coblocks_accordion_ie_support":"","_uag_custom_page_level_css":"","_kadence_starter_templates_imported_post":false,"_kad_post_transparent":"default","_kad_post_title":"default","_kad_post_layout":"right","_kad_post_sidebar_id":"sidebar-secondary","_kad_post_content_style":"","_kad_post_vertical_padding":"","_kad_post_feature":"","_kad_post_feature_position":"","_kad_post_header":false,"_kad_post_footer":false,"_kad_post_classname":"","footnotes":""},"class_list":["post-166","page","type-page","status-publish","hentry"],"uagb_featured_image_src":{"full":false,"thumbnail":false,"medium":false,"medium_large":false,"large":false,"1536x1536":false,"2048x2048":false},"uagb_author_info":{"display_name":"admin","author_link":"https:\/\/cngi.ro\/?author=1"},"uagb_comment_info":0,"uagb_excerpt":"Educa\u0163ia primit\u0103 \u00een \u015fcoala noastr\u0103 \u00ee\u0163i va oferi posibilitatea de a te integra \u00een mod inteligent \u00eentr-o lume \u00een continu\u0103 prefacere! Colegiul Na\u021bional \u201eGarabet&nbsp;Ibr\u0103ileanu\u201d &#8211; Ia\u0219i, Rom\u00e2nia&nbsp;promoveaz\u0103 identificarea \u0219i dezvoltarea calit\u0103\u021bilor \u0219i aptitudinilor fiec\u0103rui elev \u00een vederea educ\u0103rii \u00een spiritul muncii, cinstei \u0219i onestit\u0103\u021bii, construindu-le personalitatea prin dob\u00e2ndirea cuno\u0219tin\u021belor de&nbsp;cultur\u0103 general\u0103, formarea de abilit\u0103\u021bi practice...","_links":{"self":[{"href":"https:\/\/cngi.ro\/index.php?rest_route=\/wp\/v2\/pages\/166","targetHints":{"allow":["GET"]}}],"collection":[{"href":"https:\/\/cngi.ro\/index.php?rest_route=\/wp\/v2\/pages"}],"about":[{"href":"https:\/\/cngi.ro\/index.php?rest_route=\/wp\/v2\/types\/page"}],"author":[{"embeddable":true,"href":"https:\/\/cngi.ro\/index.php?rest_route=\/wp\/v2\/users\/1"}],"replies":[{"embeddable":true,"href":"https:\/\/cngi.ro\/index.php?rest_route=%2Fwp%2Fv2%2Fcomments&post=166"}],"version-history":[{"count":7,"href":"https:\/\/cngi.ro\/index.php?rest_route=\/wp\/v2\/pages\/166\/revisions"}],"predecessor-version":[{"id":2899,"href":"https:\/\/cngi.ro\/index.php?rest_route=\/wp\/v2\/pages\/166\/revisions\/2899"}],"wp:attachment":[{"href":"https:\/\/cngi.ro\/index.php?rest_route=%2Fwp%2Fv2%2Fmedia&parent=166"}],"curies":[{"name":"wp","href":"https:\/\/api.w.org\/{rel}","templated":true}]}}